{"id":602,"date":"2024-12-09T16:16:33","date_gmt":"2024-12-09T19:16:33","guid":{"rendered":"https:\/\/sobrapsi.com.br\/site\/?page_id=602"},"modified":"2025-11-23T21:05:40","modified_gmt":"2025-11-24T00:05:40","slug":"buscar-registro","status":"publish","type":"page","link":"https:\/\/sobrapsi.com.br\/site\/buscar-registro\/","title":{"rendered":"Buscar Registro"},"content":{"rendered":"\t\t<div data-elementor-type=\"wp-page\" data-elementor-id=\"602\" class=\"elementor elementor-602\" data-elementor-post-type=\"page\">\n\t\t\t\t<div class=\"elementor-element elementor-element-332fa61c e-flex e-con-boxed e-con e-parent\" data-id=\"332fa61c\" data-element_type=\"container\" data-e-type=\"container\" data-settings=\"{&quot;jet_parallax_layout_list&quot;:[]}\">\n\t\t\t\t\t<div class=\"e-con-inner\">\n\t\t\t\t<div class=\"elementor-element elementor-element-111e74b6 elementor-widget elementor-widget-text-editor\" data-id=\"111e74b6\" data-element_type=\"widget\" data-e-type=\"widget\" data-widget_type=\"text-editor.default\">\n\t\t\t\t<div class=\"elementor-widget-container\">\n\t\t\t\t\t\t\t\t\t&nbsp;\r\n<div id=\"idbpfpeogbhifooiagnbbdbffplkfcke\"><\/div>\t\t\t\t\t\t\t\t<\/div>\n\t\t\t\t<\/div>\n\t\t\t\t\t<\/div>\n\t\t\t\t<\/div>\n\t\t<div class=\"elementor-element elementor-element-d81f07a e-flex e-con-boxed e-con e-parent\" data-id=\"d81f07a\" data-element_type=\"container\" data-e-type=\"container\" data-settings=\"{&quot;jet_parallax_layout_list&quot;:[]}\">\n\t\t\t\t\t<div class=\"e-con-inner\">\n\t\t<div class=\"elementor-element elementor-element-e5275ba e-grid e-con-full e-con e-child\" data-id=\"e5275ba\" data-element_type=\"container\" data-e-type=\"container\" data-settings=\"{&quot;jet_parallax_layout_list&quot;:[]}\">\n\t\t\t\t<div class=\"elementor-element elementor-element-6662423 elementor-widget elementor-widget-image\" data-id=\"6662423\" data-element_type=\"widget\" data-e-type=\"widget\" data-widget_type=\"image.default\">\n\t\t\t\t<div class=\"elementor-widget-container\">\n\t\t\t\t\t\t\t\t\t\t\t\t\t\t\t<img fetchpriority=\"high\" decoding=\"async\" width=\"800\" height=\"770\" src=\"https:\/\/sobrapsi.com.br\/site\/wp-content\/uploads\/2024\/12\/Cartao_de_proximidade_site-1024x985-1.png\" class=\"attachment-large size-large wp-image-493\" alt=\"\" srcset=\"https:\/\/sobrapsi.com.br\/site\/wp-content\/uploads\/2024\/12\/Cartao_de_proximidade_site-1024x985-1.png 1024w, https:\/\/sobrapsi.com.br\/site\/wp-content\/uploads\/2024\/12\/Cartao_de_proximidade_site-1024x985-1-300x289.png 300w, https:\/\/sobrapsi.com.br\/site\/wp-content\/uploads\/2024\/12\/Cartao_de_proximidade_site-1024x985-1-768x739.png 768w, https:\/\/sobrapsi.com.br\/site\/wp-content\/uploads\/2024\/12\/Cartao_de_proximidade_site-1024x985-1-600x577.png 600w\" sizes=\"(max-width: 800px) 100vw, 800px\" \/>\t\t\t\t\t\t\t\t\t\t\t\t\t\t\t<\/div>\n\t\t\t\t<\/div>\n\t\t<div class=\"elementor-element elementor-element-7a61296 e-con-full e-flex e-con e-child\" data-id=\"7a61296\" data-element_type=\"container\" data-e-type=\"container\" data-settings=\"{&quot;jet_parallax_layout_list&quot;:[]}\">\n\t\t\t\t<div class=\"elementor-element elementor-element-441e7eb elementor-widget elementor-widget-heading\" data-id=\"441e7eb\" data-element_type=\"widget\" data-e-type=\"widget\" data-widget_type=\"heading.default\">\n\t\t\t\t<div class=\"elementor-widget-container\">\n\t\t\t\t\t<h2 class=\"elementor-heading-title elementor-size-default\">Verifique a validade de um registro.<\/h2>\t\t\t\t<\/div>\n\t\t\t\t<\/div>\n\t\t\t\t<div class=\"elementor-element elementor-element-535589a elementor-widget elementor-widget-heading\" data-id=\"535589a\" data-element_type=\"widget\" data-e-type=\"widget\" data-widget_type=\"heading.default\">\n\t\t\t\t<div class=\"elementor-widget-container\">\n\t\t\t\t\t<h2 class=\"elementor-heading-title elementor-size-default\">* Escolha a especialidade e digite o c\u00f3digo completo. Exemplo:  00049 sem espa\u00e7os ou pontos.\n\n\n\n<\/h2>\t\t\t\t<\/div>\n\t\t\t\t<\/div>\n\t\t\t\t<div class=\"elementor-element elementor-element-66134cb elementor-widget elementor-widget-jet-smart-filters-search\" data-id=\"66134cb\" data-element_type=\"widget\" data-e-type=\"widget\" data-widget_type=\"jet-smart-filters-search.default\">\n\t\t\t\t<div class=\"elementor-widget-container\">\n\t\t\t\t\t<div class=\"jet-smart-filters-search jet-filter\"><div class=\"jet-search-filter button-icon-position-left\" data-query-type=\"meta_query\" data-query-var=\"numero_do_registro\" data-smart-filter=\"search\" data-filter-id=\"1075\" data-apply-type=\"ajax\" data-content-provider=\"jet-engine\" data-additional-providers=\"\" data-query-id=\"result\" data-active-label=\"Verificar registro\" data-layout-options=\"{&quot;show_label&quot;:&quot;&quot;,&quot;display_options&quot;:[]}\" data-query-var-suffix=\"search\">\n\t<div class=\"jet-search-filter__input-wrapper\">\n\t\t<input\n\t\t\tclass=\"jet-search-filter__input\"\n\t\t\ttype=\"search\"\n\t\t\tautocomplete=\"off\"\n\t\t\tname=\"numero_do_registro\"\n\t\t\tvalue=\"\"\n\t\t\tplaceholder=\"Verificar registro...\"\n\t\t\taria-label=\"Verificar registro\"\n\t\t\t\t\t>\n\t\t\t<\/div>\n\t<\/div>\n<\/div>\t\t\t\t<\/div>\n\t\t\t\t<\/div>\n\t\t\t\t<div class=\"elementor-element elementor-element-18e2163 elementor-widget elementor-widget-jet-smart-filters-apply-button\" data-id=\"18e2163\" data-element_type=\"widget\" data-e-type=\"widget\" data-widget_type=\"jet-smart-filters-apply-button.default\">\n\t\t\t\t<div class=\"elementor-widget-container\">\n\t\t\t\t\t<div class=\"jet-smart-filters-apply-button jet-filter\"><div class=\"apply-filters\"  data-content-provider=\"jet-engine\" data-query-id=\"result\" data-additional-providers=\"\" data-apply-type=\"reload\" data-redirect=\"yes\" data-redirect-path=\"resultado-consulta\/\">\n\t<button\n\t\ttype=\"button\"\n\t\tclass=\"apply-filters__button\"\n\t\t\t\t\t>Buscar registro<\/button>\n<\/div><\/div>\t\t\t\t<\/div>\n\t\t\t\t<\/div>\n\t\t\t\t<div class=\"elementor-element elementor-element-04297e0 elementor-widget elementor-widget-heading\" data-id=\"04297e0\" data-element_type=\"widget\" data-e-type=\"widget\" data-widget_type=\"heading.default\">\n\t\t\t\t<div class=\"elementor-widget-container\">\n\t\t\t\t\t<h2 class=\"elementor-heading-title elementor-size-default\">* Caso voc\u00ea perceba o uso indevido de um n\u00famero de registro denuncie.\n\n\n\n<\/h2>\t\t\t\t<\/div>\n\t\t\t\t<\/div>\n\t\t\t\t<\/div>\n\t\t\t\t<\/div>\n\t\t\t\t\t<\/div>\n\t\t\t\t<\/div>\n\t\t\t\t<\/div>\n\t\t","protected":false},"excerpt":{"rendered":"<p>&nbsp; Verifique a validade de um registro. * Escolha a especialidade e digite o c\u00f3digo completo. Exemplo: 00049 sem espa\u00e7os ou pontos. Buscar registro * Caso voc\u00ea perceba o uso indevido de um n\u00famero de registro denuncie.<\/p>\n","protected":false},"author":1,"featured_media":0,"parent":0,"menu_order":0,"comment_status":"closed","ping_status":"closed","template":"elementor_header_footer","meta":{"order-bump-settings":[],"_wpfnl_thankyou_order_overview":"on","_wpfnl_thankyou_order_details":"on","_wpfnl_thankyou_billing_details":"on","_wpfnl_thankyou_shipping_details":"on","footnotes":""},"class_list":["post-602","page","type-page","status-publish","hentry"],"_links":{"self":[{"href":"https:\/\/sobrapsi.com.br\/site\/wp-json\/wp\/v2\/pages\/602","targetHints":{"allow":["GET"]}}],"collection":[{"href":"https:\/\/sobrapsi.com.br\/site\/wp-json\/wp\/v2\/pages"}],"about":[{"href":"https:\/\/sobrapsi.com.br\/site\/wp-json\/wp\/v2\/types\/page"}],"author":[{"embeddable":true,"href":"https:\/\/sobrapsi.com.br\/site\/wp-json\/wp\/v2\/users\/1"}],"replies":[{"embeddable":true,"href":"https:\/\/sobrapsi.com.br\/site\/wp-json\/wp\/v2\/comments?post=602"}],"version-history":[{"count":148,"href":"https:\/\/sobrapsi.com.br\/site\/wp-json\/wp\/v2\/pages\/602\/revisions"}],"predecessor-version":[{"id":1272,"href":"https:\/\/sobrapsi.com.br\/site\/wp-json\/wp\/v2\/pages\/602\/revisions\/1272"}],"wp:attachment":[{"href":"https:\/\/sobrapsi.com.br\/site\/wp-json\/wp\/v2\/media?parent=602"}],"curies":[{"name":"wp","href":"https:\/\/api.w.org\/{rel}","templated":true}]}}